{"id":118,"date":"2025-08-03T17:14:06","date_gmt":"2025-08-03T17:14:06","guid":{"rendered":"https:\/\/ledatalab.fr\/?page_id=118"},"modified":"2025-08-17T16:43:21","modified_gmt":"2025-08-17T16:43:21","slug":"data-driven","status":"publish","type":"page","link":"https:\/\/ledatalab.fr\/index.php\/glossaire\/data-driven\/","title":{"rendered":"Data Driven"},"content":{"rendered":"<div class=\"wp-block-image\">\n<figure class=\"aligncenter size-medium\"><img loading=\"lazy\" decoding=\"async\" width=\"300\" height=\"300\" src=\"https:\/\/ledatalab.fr\/wp-content\/uploads\/2025\/08\/Data-Driven_illustration-300x300.png\" alt=\"Illustration pour le terme Data Driven\" class=\"wp-image-213\" srcset=\"https:\/\/ledatalab.fr\/wp-content\/uploads\/2025\/08\/Data-Driven_illustration-300x300.png 300w, https:\/\/ledatalab.fr\/wp-content\/uploads\/2025\/08\/Data-Driven_illustration-1024x1024.png 1024w, https:\/\/ledatalab.fr\/wp-content\/uploads\/2025\/08\/Data-Driven_illustration-150x150.png 150w, https:\/\/ledatalab.fr\/wp-content\/uploads\/2025\/08\/Data-Driven_illustration-768x768.png 768w, https:\/\/ledatalab.fr\/wp-content\/uploads\/2025\/08\/Data-Driven_illustration-1536x1536.png 1536w, https:\/\/ledatalab.fr\/wp-content\/uploads\/2025\/08\/Data-Driven_illustration.png 2048w\" sizes=\"auto, (max-width: 300px) 100vw, 300px\" \/><\/figure>\n<\/div>\n\n\n<h1 class=\"wp-block-heading has-text-align-center\">Data Driven<\/h1>\n\n\n\n<p class=\"has-text-align-center\"><em>Cat\u00e9gorie : Strat\u00e9gie &amp; M\u00e9tier<\/em><\/p>\n\n\n\n<div style=\"height:25px\" aria-hidden=\"true\" class=\"wp-block-spacer\"><\/div>\n\n\n\n<h2 class=\"wp-block-heading\">D\u00e9finition<\/h2>\n\n\n\n<p>\u00catre data-driven, c\u2019est adopter une culture et une strat\u00e9gie o\u00f9 les d\u00e9cisions sont prises sur la base de donn\u00e9es concr\u00e8tes, et non uniquement sur l\u2019intuition, l\u2019exp\u00e9rience ou les habitudes.<\/p>\n\n\n\n<p>Une organisation data-driven valorise la donn\u00e9e comme actif strat\u00e9gique. Cela signifie qu\u2019elle :<\/p>\n\n\n\n<ul class=\"wp-block-list\">\n<li><strong>collecte<\/strong> les bonnes donn\u00e9es<\/li>\n\n\n\n<li>les <strong>centralise<\/strong> et les <strong>fiabilise<\/strong><\/li>\n\n\n\n<li>les <strong>partage<\/strong> entre les \u00e9quipes<\/li>\n\n\n\n<li>et les <strong>exploite syst\u00e9matiquement<\/strong> pour prendre des d\u00e9cisions \u00e9clair\u00e9es.<\/li>\n<\/ul>\n\n\n\n<p>C\u2019est une philosophie d\u2019entreprise, mais aussi un objectif op\u00e9rationnel, qui n\u00e9cessite des outils, des comp\u00e9tences, une gouvernance, et surtout\u2026 un changement de posture.<\/p>\n\n\n\n<hr class=\"wp-block-separator has-alpha-channel-opacity\"\/>\n\n\n\n<h2 class=\"wp-block-heading\">Exemple d\u2019usage ou de contexte<\/h2>\n\n\n\n<p>Une entreprise retail adopte une approche data-driven :<\/p>\n\n\n\n<ul class=\"wp-block-list\">\n<li>Elle analyse le panier moyen pour optimiser ses offres<\/li>\n\n\n\n<li>Elle adapte ses stocks en fonction des tendances d\u2019achat<\/li>\n\n\n\n<li>Elle teste ses campagnes marketing via des A\/B tests bas\u00e9s sur les donn\u00e9es clients<\/li>\n\n\n\n<li>Les managers prennent des d\u00e9cisions lors des comit\u00e9s sur la base de dashboards fiables et \u00e0 jour, pas de suppositions.<\/li>\n<\/ul>\n\n\n\n<hr class=\"wp-block-separator has-alpha-channel-opacity\"\/>\n\n\n\n<h2 class=\"wp-block-heading\">\u00catre data-driven, ce n\u2019est pas seulement :<\/h2>\n\n\n\n<figure class=\"wp-block-table\"><table class=\"has-fixed-layout\"><thead><tr><th class=\"has-text-align-center\" data-align=\"center\">\u274c Ce que ce n\u2019est pas\u2026<\/th><th class=\"has-text-align-center\" data-align=\"center\">\u2705 Ce que c\u2019est\u2026<\/th><\/tr><\/thead><tbody><tr><td class=\"has-text-align-center\" data-align=\"center\">Avoir des outils de visualisation<\/td><td class=\"has-text-align-center\" data-align=\"center\">Exploiter les insights g\u00e9n\u00e9r\u00e9s par ces outils<\/td><\/tr><tr><td class=\"has-text-align-center\" data-align=\"center\">Collecter des donn\u00e9es sans les utiliser<\/td><td class=\"has-text-align-center\" data-align=\"center\">Mettre la donn\u00e9e au service des d\u00e9cisions<\/td><\/tr><tr><td class=\"has-text-align-center\" data-align=\"center\">\u00catre expert technique<\/td><td class=\"has-text-align-center\" data-align=\"center\">Acculturer toute l\u2019entreprise \u00e0 l\u2019usage de la donn\u00e9e<\/td><\/tr><\/tbody><\/table><\/figure>\n\n\n\n<hr class=\"wp-block-separator has-alpha-channel-opacity\"\/>\n\n\n\n<h2 class=\"wp-block-heading\">\u00c9tapes pour devenir une organisation data-driven<\/h2>\n\n\n\n<ol class=\"wp-block-list\">\n<li><strong>Gouvernance des donn\u00e9es<\/strong> claire et solide<br><\/li>\n\n\n\n<li><strong>Infrastructure adapt\u00e9e<\/strong> (stockage, acc\u00e8s, s\u00e9curit\u00e9)<br><\/li>\n\n\n\n<li><strong>Outils d\u2019analyse accessibles<\/strong> (Self BI, reporting automatis\u00e9)<br><\/li>\n\n\n\n<li><strong>Culture d\u2019entreprise orient\u00e9e donn\u00e9e<\/strong><br><\/li>\n\n\n\n<li><strong>Formation des collaborateurs<\/strong> (data literacy)<br><\/li>\n<\/ol>\n\n\n\n<hr class=\"wp-block-separator has-alpha-channel-opacity\"\/>\n\n\n\n<h2 class=\"wp-block-heading\">Outils &amp; pratiques associ\u00e9es<\/h2>\n\n\n\n<ul class=\"wp-block-list\">\n<li>Outils : Power BI, Tableau, Looker, BigQuery, Snowflake<br><\/li>\n\n\n\n<li>M\u00e9thodes : A\/B testing, data storytelling, business intelligence<br><\/li>\n\n\n\n<li>R\u00f4les cl\u00e9s : Chief Data Officer, Data Analyst, Data Steward<\/li>\n<\/ul>\n\n\n\n<hr class=\"wp-block-separator has-alpha-channel-opacity\"\/>\n\n\n\n<h2 class=\"wp-block-heading\">\ud83e\udde0 \u00c0 retenir<\/h2>\n\n\n\n<pre class=\"wp-block-preformatted\">\u00catre data-driven, ce n\u2019est pas \u201cavoir de la data\u201d - c\u2019est faire mieux gr\u00e2ce \u00e0 elle.<br>C\u2019est un changement culturel autant qu\u2019un enjeu technologique.<\/pre>\n","protected":false},"excerpt":{"rendered":"<p>Data Driven Cat\u00e9gorie : Strat\u00e9gie &amp; M\u00e9tier D\u00e9finition \u00catre data-driven, c\u2019est adopter une culture et une strat\u00e9gie o\u00f9 les d\u00e9cisions sont prises sur la base de donn\u00e9es concr\u00e8tes, et non uniquement sur l\u2019intuition, l\u2019exp\u00e9rience ou les habitudes. Une organisation data-driven valorise la donn\u00e9e comme actif strat\u00e9gique. Cela signifie qu\u2019elle : C\u2019est une philosophie d\u2019entreprise, mais &#8230; <a title=\"Data Driven\" class=\"read-more\" href=\"https:\/\/ledatalab.fr\/index.php\/glossaire\/data-driven\/\" aria-label=\"En savoir plus sur Data Driven\">Lire la suite<\/a><\/p>\n","protected":false},"author":2,"featured_media":0,"parent":15,"menu_order":0,"comment_status":"closed","ping_status":"closed","template":"","meta":{"footnotes":""},"class_list":["post-118","page","type-page","status-publish"],"yoast_head":"<!-- This site is optimized with the Yoast SEO plugin v27.3 - https:\/\/yoast.com\/product\/yoast-seo-wordpress\/ -->\n<title>Data Driven - Le Data Lab<\/title>\n<meta name=\"robots\" content=\"index, follow, max-snippet:-1, max-image-preview:large, max-video-preview:-1\" \/>\n<link rel=\"canonical\" href=\"https:\/\/ledatalab.fr\/index.php\/glossaire\/data-driven\/\" \/>\n<meta property=\"og:locale\" content=\"fr_FR\" \/>\n<meta property=\"og:type\" content=\"article\" \/>\n<meta property=\"og:title\" content=\"Data Driven - Le Data Lab\" \/>\n<meta property=\"og:description\" content=\"Data Driven Cat\u00e9gorie : Strat\u00e9gie &amp; M\u00e9tier D\u00e9finition \u00catre data-driven, c\u2019est adopter une culture et une strat\u00e9gie o\u00f9 les d\u00e9cisions sont prises sur la base de donn\u00e9es concr\u00e8tes, et non uniquement sur l\u2019intuition, l\u2019exp\u00e9rience ou les habitudes. Une organisation data-driven valorise la donn\u00e9e comme actif strat\u00e9gique. Cela signifie qu\u2019elle : C\u2019est une philosophie d\u2019entreprise, mais ... Lire la suite\" \/>\n<meta property=\"og:url\" content=\"https:\/\/ledatalab.fr\/index.php\/glossaire\/data-driven\/\" \/>\n<meta property=\"og:site_name\" content=\"Le Data Lab\" \/>\n<meta property=\"article:modified_time\" content=\"2025-08-17T16:43:21+00:00\" \/>\n<meta property=\"og:image\" content=\"https:\/\/ledatalab.fr\/wp-content\/uploads\/2025\/08\/Data-Driven_illustration-1024x1024.png\" \/>\n\t<meta property=\"og:image:width\" content=\"1024\" \/>\n\t<meta property=\"og:image:height\" content=\"1024\" \/>\n\t<meta property=\"og:image:type\" content=\"image\/png\" \/>\n<meta name=\"twitter:card\" content=\"summary_large_image\" \/>\n<meta name=\"twitter:site\" content=\"@ledatalab\" \/>\n<meta name=\"twitter:label1\" content=\"Dur\u00e9e de lecture estim\u00e9e\" \/>\n\t<meta name=\"twitter:data1\" content=\"2 minutes\" \/>\n<script type=\"application\/ld+json\" class=\"yoast-schema-graph\">{\"@context\":\"https:\\\/\\\/schema.org\",\"@graph\":[{\"@type\":\"WebPage\",\"@id\":\"https:\\\/\\\/ledatalab.fr\\\/index.php\\\/glossaire\\\/data-driven\\\/\",\"url\":\"https:\\\/\\\/ledatalab.fr\\\/index.php\\\/glossaire\\\/data-driven\\\/\",\"name\":\"Data Driven - Le Data Lab\",\"isPartOf\":{\"@id\":\"https:\\\/\\\/ledatalab.fr\\\/#website\"},\"primaryImageOfPage\":{\"@id\":\"https:\\\/\\\/ledatalab.fr\\\/index.php\\\/glossaire\\\/data-driven\\\/#primaryimage\"},\"image\":{\"@id\":\"https:\\\/\\\/ledatalab.fr\\\/index.php\\\/glossaire\\\/data-driven\\\/#primaryimage\"},\"thumbnailUrl\":\"https:\\\/\\\/ledatalab.fr\\\/wp-content\\\/uploads\\\/2025\\\/08\\\/Data-Driven_illustration-300x300.png\",\"datePublished\":\"2025-08-03T17:14:06+00:00\",\"dateModified\":\"2025-08-17T16:43:21+00:00\",\"breadcrumb\":{\"@id\":\"https:\\\/\\\/ledatalab.fr\\\/index.php\\\/glossaire\\\/data-driven\\\/#breadcrumb\"},\"inLanguage\":\"fr-FR\",\"potentialAction\":[{\"@type\":\"ReadAction\",\"target\":[\"https:\\\/\\\/ledatalab.fr\\\/index.php\\\/glossaire\\\/data-driven\\\/\"]}]},{\"@type\":\"ImageObject\",\"inLanguage\":\"fr-FR\",\"@id\":\"https:\\\/\\\/ledatalab.fr\\\/index.php\\\/glossaire\\\/data-driven\\\/#primaryimage\",\"url\":\"https:\\\/\\\/ledatalab.fr\\\/wp-content\\\/uploads\\\/2025\\\/08\\\/Data-Driven_illustration.png\",\"contentUrl\":\"https:\\\/\\\/ledatalab.fr\\\/wp-content\\\/uploads\\\/2025\\\/08\\\/Data-Driven_illustration.png\",\"width\":2048,\"height\":2048,\"caption\":\"Illustration pour le terme Data Driven\"},{\"@type\":\"BreadcrumbList\",\"@id\":\"https:\\\/\\\/ledatalab.fr\\\/index.php\\\/glossaire\\\/data-driven\\\/#breadcrumb\",\"itemListElement\":[{\"@type\":\"ListItem\",\"position\":1,\"name\":\"Accueil\",\"item\":\"https:\\\/\\\/ledatalab.fr\\\/\"},{\"@type\":\"ListItem\",\"position\":2,\"name\":\"Glossaire\",\"item\":\"https:\\\/\\\/ledatalab.fr\\\/index.php\\\/glossaire\\\/\"},{\"@type\":\"ListItem\",\"position\":3,\"name\":\"Data Driven\"}]},{\"@type\":\"WebSite\",\"@id\":\"https:\\\/\\\/ledatalab.fr\\\/#website\",\"url\":\"https:\\\/\\\/ledatalab.fr\\\/\",\"name\":\"Le Data Lab\",\"description\":\"Le blog pour comprendre, explorer et utiliser la Data.\",\"publisher\":{\"@id\":\"https:\\\/\\\/ledatalab.fr\\\/#organization\"},\"alternateName\":\"ledatalab\",\"potentialAction\":[{\"@type\":\"SearchAction\",\"target\":{\"@type\":\"EntryPoint\",\"urlTemplate\":\"https:\\\/\\\/ledatalab.fr\\\/?s={search_term_string}\"},\"query-input\":{\"@type\":\"PropertyValueSpecification\",\"valueRequired\":true,\"valueName\":\"search_term_string\"}}],\"inLanguage\":\"fr-FR\"},{\"@type\":\"Organization\",\"@id\":\"https:\\\/\\\/ledatalab.fr\\\/#organization\",\"name\":\"Le Data Lab\",\"alternateName\":\"ledatalab\",\"url\":\"https:\\\/\\\/ledatalab.fr\\\/\",\"logo\":{\"@type\":\"ImageObject\",\"inLanguage\":\"fr-FR\",\"@id\":\"https:\\\/\\\/ledatalab.fr\\\/#\\\/schema\\\/logo\\\/image\\\/\",\"url\":\"https:\\\/\\\/ledatalab.fr\\\/wp-content\\\/uploads\\\/2025\\\/08\\\/couleur-vertical-a-droite-superpose.png\",\"contentUrl\":\"https:\\\/\\\/ledatalab.fr\\\/wp-content\\\/uploads\\\/2025\\\/08\\\/couleur-vertical-a-droite-superpose.png\",\"width\":1000,\"height\":1000,\"caption\":\"Le Data Lab\"},\"image\":{\"@id\":\"https:\\\/\\\/ledatalab.fr\\\/#\\\/schema\\\/logo\\\/image\\\/\"},\"sameAs\":[\"https:\\\/\\\/x.com\\\/ledatalab\",\"https:\\\/\\\/www.instagram.com\\\/ledatalab\\\/\",\"https:\\\/\\\/www.linkedin.com\\\/company\\\/ledatalab\"]}]}<\/script>\n<!-- \/ Yoast SEO plugin. -->","yoast_head_json":{"title":"Data Driven - Le Data Lab","robots":{"index":"index","follow":"follow","max-snippet":"max-snippet:-1","max-image-preview":"max-image-preview:large","max-video-preview":"max-video-preview:-1"},"canonical":"https:\/\/ledatalab.fr\/index.php\/glossaire\/data-driven\/","og_locale":"fr_FR","og_type":"article","og_title":"Data Driven - Le Data Lab","og_description":"Data Driven Cat\u00e9gorie : Strat\u00e9gie &amp; M\u00e9tier D\u00e9finition \u00catre data-driven, c\u2019est adopter une culture et une strat\u00e9gie o\u00f9 les d\u00e9cisions sont prises sur la base de donn\u00e9es concr\u00e8tes, et non uniquement sur l\u2019intuition, l\u2019exp\u00e9rience ou les habitudes. Une organisation data-driven valorise la donn\u00e9e comme actif strat\u00e9gique. Cela signifie qu\u2019elle : C\u2019est une philosophie d\u2019entreprise, mais ... Lire la suite","og_url":"https:\/\/ledatalab.fr\/index.php\/glossaire\/data-driven\/","og_site_name":"Le Data Lab","article_modified_time":"2025-08-17T16:43:21+00:00","og_image":[{"width":1024,"height":1024,"url":"https:\/\/ledatalab.fr\/wp-content\/uploads\/2025\/08\/Data-Driven_illustration-1024x1024.png","type":"image\/png"}],"twitter_card":"summary_large_image","twitter_site":"@ledatalab","twitter_misc":{"Dur\u00e9e de lecture estim\u00e9e":"2 minutes"},"schema":{"@context":"https:\/\/schema.org","@graph":[{"@type":"WebPage","@id":"https:\/\/ledatalab.fr\/index.php\/glossaire\/data-driven\/","url":"https:\/\/ledatalab.fr\/index.php\/glossaire\/data-driven\/","name":"Data Driven - Le Data Lab","isPartOf":{"@id":"https:\/\/ledatalab.fr\/#website"},"primaryImageOfPage":{"@id":"https:\/\/ledatalab.fr\/index.php\/glossaire\/data-driven\/#primaryimage"},"image":{"@id":"https:\/\/ledatalab.fr\/index.php\/glossaire\/data-driven\/#primaryimage"},"thumbnailUrl":"https:\/\/ledatalab.fr\/wp-content\/uploads\/2025\/08\/Data-Driven_illustration-300x300.png","datePublished":"2025-08-03T17:14:06+00:00","dateModified":"2025-08-17T16:43:21+00:00","breadcrumb":{"@id":"https:\/\/ledatalab.fr\/index.php\/glossaire\/data-driven\/#breadcrumb"},"inLanguage":"fr-FR","potentialAction":[{"@type":"ReadAction","target":["https:\/\/ledatalab.fr\/index.php\/glossaire\/data-driven\/"]}]},{"@type":"ImageObject","inLanguage":"fr-FR","@id":"https:\/\/ledatalab.fr\/index.php\/glossaire\/data-driven\/#primaryimage","url":"https:\/\/ledatalab.fr\/wp-content\/uploads\/2025\/08\/Data-Driven_illustration.png","contentUrl":"https:\/\/ledatalab.fr\/wp-content\/uploads\/2025\/08\/Data-Driven_illustration.png","width":2048,"height":2048,"caption":"Illustration pour le terme Data Driven"},{"@type":"BreadcrumbList","@id":"https:\/\/ledatalab.fr\/index.php\/glossaire\/data-driven\/#breadcrumb","itemListElement":[{"@type":"ListItem","position":1,"name":"Accueil","item":"https:\/\/ledatalab.fr\/"},{"@type":"ListItem","position":2,"name":"Glossaire","item":"https:\/\/ledatalab.fr\/index.php\/glossaire\/"},{"@type":"ListItem","position":3,"name":"Data Driven"}]},{"@type":"WebSite","@id":"https:\/\/ledatalab.fr\/#website","url":"https:\/\/ledatalab.fr\/","name":"Le Data Lab","description":"Le blog pour comprendre, explorer et utiliser la Data.","publisher":{"@id":"https:\/\/ledatalab.fr\/#organization"},"alternateName":"ledatalab","potentialAction":[{"@type":"SearchAction","target":{"@type":"EntryPoint","urlTemplate":"https:\/\/ledatalab.fr\/?s={search_term_string}"},"query-input":{"@type":"PropertyValueSpecification","valueRequired":true,"valueName":"search_term_string"}}],"inLanguage":"fr-FR"},{"@type":"Organization","@id":"https:\/\/ledatalab.fr\/#organization","name":"Le Data Lab","alternateName":"ledatalab","url":"https:\/\/ledatalab.fr\/","logo":{"@type":"ImageObject","inLanguage":"fr-FR","@id":"https:\/\/ledatalab.fr\/#\/schema\/logo\/image\/","url":"https:\/\/ledatalab.fr\/wp-content\/uploads\/2025\/08\/couleur-vertical-a-droite-superpose.png","contentUrl":"https:\/\/ledatalab.fr\/wp-content\/uploads\/2025\/08\/couleur-vertical-a-droite-superpose.png","width":1000,"height":1000,"caption":"Le Data Lab"},"image":{"@id":"https:\/\/ledatalab.fr\/#\/schema\/logo\/image\/"},"sameAs":["https:\/\/x.com\/ledatalab","https:\/\/www.instagram.com\/ledatalab\/","https:\/\/www.linkedin.com\/company\/ledatalab"]}]}},"_links":{"self":[{"href":"https:\/\/ledatalab.fr\/index.php\/wp-json\/wp\/v2\/pages\/118","targetHints":{"allow":["GET"]}}],"collection":[{"href":"https:\/\/ledatalab.fr\/index.php\/wp-json\/wp\/v2\/pages"}],"about":[{"href":"https:\/\/ledatalab.fr\/index.php\/wp-json\/wp\/v2\/types\/page"}],"author":[{"embeddable":true,"href":"https:\/\/ledatalab.fr\/index.php\/wp-json\/wp\/v2\/users\/2"}],"replies":[{"embeddable":true,"href":"https:\/\/ledatalab.fr\/index.php\/wp-json\/wp\/v2\/comments?post=118"}],"version-history":[{"count":4,"href":"https:\/\/ledatalab.fr\/index.php\/wp-json\/wp\/v2\/pages\/118\/revisions"}],"predecessor-version":[{"id":297,"href":"https:\/\/ledatalab.fr\/index.php\/wp-json\/wp\/v2\/pages\/118\/revisions\/297"}],"up":[{"embeddable":true,"href":"https:\/\/ledatalab.fr\/index.php\/wp-json\/wp\/v2\/pages\/15"}],"wp:attachment":[{"href":"https:\/\/ledatalab.fr\/index.php\/wp-json\/wp\/v2\/media?parent=118"}],"curies":[{"name":"wp","href":"https:\/\/api.w.org\/{rel}","templated":true}]}}