{"id":159,"date":"2025-08-03T20:50:42","date_gmt":"2025-08-03T20:50:42","guid":{"rendered":"https:\/\/ledatalab.fr\/?page_id=159"},"modified":"2025-08-08T19:34:44","modified_gmt":"2025-08-08T19:34:44","slug":"home","status":"publish","type":"page","link":"https:\/\/ledatalab.fr\/","title":{"rendered":"Home"},"content":{"rendered":"\n<h1 class=\"wp-block-heading has-text-align-center\"><strong>Bienvenue \u00e0 bord du Data Lab<\/strong><\/h1>\n\n\n\n<p class=\"has-text-align-center\"><em>Un projet pour rendre la donn\u00e9e plus humaine, plus accessible\u2026 et un peu plus fun aussi.<\/em><\/p>\n\n\n\n<hr class=\"wp-block-separator has-alpha-channel-opacity\"\/>\n\n\n\n<h2 class=\"wp-block-heading\"><strong>Pourquoi Le Data Lab ?<\/strong><\/h2>\n\n\n\n<p>Parce que dans le tumulte de l\u2019innovation, de la tech et de l\u2019intelligence artificielle, une chose semble souvent oubli\u00e9e : l\u2019humain.<br><br>On parle de donn\u00e9es comme de ressources froides, m\u00e9caniques, purement techniques.<br>Mais les donn\u00e9es sont d\u2019abord le reflet de nos comportements, de nos choix, de nos vies.Et si on prenait un peu de recul ?<br><br>Et si on d\u00e9cidait, ensemble, de remettre un peu d\u2019humain, de sens, de clart\u00e9 et de curiosit\u00e9 dans tout \u00e7a ?<\/p>\n\n\n\n<hr class=\"wp-block-separator has-alpha-channel-opacity\"\/>\n\n\n\n<h2 class=\"wp-block-heading\"><strong>Notre philosophie<\/strong><\/h2>\n\n\n\n<p>Le Data Lab, c\u2019est un laboratoire ouvert \u00e0 tous ceux qui veulent comprendre, partager, apprendre \u2013 sans jargon inutile, sans posture, sans pr\u00e9tention.<br><br>Voici nos piliers :<\/p>\n\n\n\n<ul class=\"wp-block-list\">\n<li>Vulgarisation intelligente : rendre les choses simples sans les d\u00e9naturer.<\/li>\n\n\n\n<li>Accessibilit\u00e9 : ouvrir les portes d\u2019un monde trop souvent r\u00e9serv\u00e9 aux initi\u00e9s.<\/li>\n\n\n\n<li>Transparence : expliquer sans cacher, montrer les coulisses, les erreurs, les essais.<\/li>\n\n\n\n<li>Plaisir : apprendre peut \u00eatre stimulant, joyeux, voire dr\u00f4le.<\/li>\n\n\n\n<li>Humain : toujours remettre l\u2019utilisateur, le m\u00e9tier, l\u2019impact au c\u0153ur de la donn\u00e9e.<\/li>\n<\/ul>\n\n\n\n<hr class=\"wp-block-separator has-alpha-channel-opacity\"\/>\n\n\n\n<h2 class=\"wp-block-heading\"><strong>La fus\u00e9e du Data Lab<\/strong><\/h2>\n\n\n\n<div class=\"wp-block-media-text has-media-on-the-right is-stacked-on-mobile is-image-fill-element\"><div class=\"wp-block-media-text__content\">\n<p>La fus\u00e9e, c\u2019est le symbole de notre aventure.<\/p>\n\n\n\n<ul class=\"wp-block-list\">\n<li>Elle repr\u00e9sente l\u2019exploration<\/li>\n\n\n\n<li>Elle est aliment\u00e9e par les donn\u00e9es, qui sont notre carburant.<\/li>\n\n\n\n<li>Et \u00e0 bord\u2026 ce sont des humains, des m\u00e9tiers, des probl\u00e9matiques bien r\u00e9elles.<\/li>\n<\/ul>\n<\/div><figure class=\"wp-block-media-text__media\"><img loading=\"lazy\" decoding=\"async\" width=\"1000\" height=\"1000\" src=\"https:\/\/ledatalab.fr\/wp-content\/uploads\/2025\/08\/couleur-vertical-a-droite-superpose.png\" alt=\"Logo couleur vertical \u00e0 droite superpos\u00e9\" class=\"wp-image-196 size-full\" style=\"object-position:50% 50%\" srcset=\"https:\/\/ledatalab.fr\/wp-content\/uploads\/2025\/08\/couleur-vertical-a-droite-superpose.png 1000w, https:\/\/ledatalab.fr\/wp-content\/uploads\/2025\/08\/couleur-vertical-a-droite-superpose-300x300.png 300w, https:\/\/ledatalab.fr\/wp-content\/uploads\/2025\/08\/couleur-vertical-a-droite-superpose-150x150.png 150w, https:\/\/ledatalab.fr\/wp-content\/uploads\/2025\/08\/couleur-vertical-a-droite-superpose-768x768.png 768w\" sizes=\"auto, (max-width: 1000px) 100vw, 1000px\" \/><\/figure><\/div>\n\n\n\n<p>Ce projet, ce n\u2019est pas une course aux algorithmes. C\u2019est un voyage collectif. Chaque insight, chaque visualisation, chaque automatisation est l\u00e0 pour aider un m\u00e9tier, une d\u00e9cision, un humain \u00e0 mieux comprendre le monde autour de lui.<\/p>\n\n\n\n<hr class=\"wp-block-separator has-alpha-channel-opacity\"\/>\n\n\n\n<h2 class=\"wp-block-heading\"><strong>Nos grandes cat\u00e9gories (les modules de la fus\u00e9e)<\/strong><\/h2>\n\n\n\n<figure class=\"wp-block-table aligncenter\"><table class=\"has-fixed-layout\"><thead><tr><th class=\"has-text-align-center\" data-align=\"center\">Nom<\/th><th class=\"has-text-align-center\" data-align=\"center\">Contenu<\/th><th class=\"has-text-align-center\" data-align=\"center\">Pourquoi c\u2019est important ? <\/th><\/tr><\/thead><tbody><tr><td class=\"has-text-align-center\" data-align=\"center\"><strong>D\u00e9collage<\/strong><\/td><td class=\"has-text-align-center\" data-align=\"center\">Introduction \u00e0 la data, <a href=\"https:\/\/ledatalab.fr\/index.php\/glossaire\/\">glossaire<\/a>, concepts de base<\/td><td class=\"has-text-align-center\" data-align=\"center\">Pour embarquer tout le monde, quel que soit le niveau.<\/td><\/tr><tr><td class=\"has-text-align-center\" data-align=\"center\"><strong>Cockpit<\/strong><\/td><td class=\"has-text-align-center\" data-align=\"center\">Pilotage, tableaux de bord, PowerBI<\/td><td class=\"has-text-align-center\" data-align=\"center\">Le lieu o\u00f9 l\u2019on prend les d\u00e9cisions. Il faut y voir clair.<\/td><\/tr><tr><td class=\"has-text-align-center\" data-align=\"center\"><strong>Moteurs<\/strong><\/td><td class=\"has-text-align-center\" data-align=\"center\">Automatisation, data engineering, pipelines<\/td><td class=\"has-text-align-center\" data-align=\"center\">Sans moteur, pas de propulsion. <br>C\u2019est l\u00e0 que tout se joue en coulisse.<\/td><\/tr><tr><td class=\"has-text-align-center\" data-align=\"center\"><strong>Observatoire<\/strong><\/td><td class=\"has-text-align-center\" data-align=\"center\">Analyse, storytelling, visualisation<\/td><td class=\"has-text-align-center\" data-align=\"center\"><br>Regarder, interpr\u00e9ter, comprendre. <br>Donnons du sens aux chiffres.<\/td><\/tr><tr><td class=\"has-text-align-center\" data-align=\"center\"><strong>Exploration<\/strong><\/td><td class=\"has-text-align-center\" data-align=\"center\">IA, machine learning, nouvelles technos<\/td><td class=\"has-text-align-center\" data-align=\"center\">On part plus loin, mais toujours avec une boussole humaine.<\/td><\/tr><tr><td class=\"has-text-align-center\" data-align=\"center\"><strong>Vie \u00e0 bord<\/strong><\/td><td class=\"has-text-align-center\" data-align=\"center\">R\u00e9flexions, \u00e9thique, m\u00e9tier, interviews<\/td><td class=\"has-text-align-center\" data-align=\"center\">On parle des gens derri\u00e8re les chiffres, de leur quotidien, de leur impact.<\/td><\/tr><tr><td class=\"has-text-align-center\" data-align=\"center\"><strong>Zone de gravit\u00e9 libre<\/strong><\/td><td class=\"has-text-align-center\" data-align=\"center\">Culture data, jeux, tests, curiosit\u00e9s<\/td><td class=\"has-text-align-center\" data-align=\"center\">Pour apprendre autrement, et garder le plaisir de d\u00e9couvrir.<\/td><\/tr><\/tbody><\/table><\/figure>\n\n\n\n<hr class=\"wp-block-separator has-alpha-channel-opacity\"\/>\n\n\n\n<h2 class=\"wp-block-heading\"><strong>L&rsquo;humain dans la cha\u00eene de valeur<\/strong><\/h2>\n\n\n\n<p>Chaque donn\u00e9e est capt\u00e9e par une r\u00e9alit\u00e9 terrain, quelque part, via un humain ou pour un humain :<\/p>\n\n\n\n<ul class=\"wp-block-list\">\n<li>\ud83d\udc77\u200d\u2642\ufe0f <strong>Sur le terrain<\/strong> : un conducteur de bus, une infirmi\u00e8re, un commercial.<\/li>\n\n\n\n<li>\ud83d\udcbb <strong>Dans les syst\u00e8mes<\/strong> : une ligne dans une base, un capteur IoT, une appli m\u00e9tier.<\/li>\n\n\n\n<li>\ud83d\udee0\ufe0f <strong>C\u00f4t\u00e9 technique<\/strong> : une d\u00e9veloppeuse, un data engineer, un analyste.<\/li>\n\n\n\n<li>\ud83d\udc54 <strong>C\u00f4t\u00e9 m\u00e9tier<\/strong> : un manager, une DAF, un RH qui cherche \u00e0 comprendre pour d\u00e9cider.<\/li>\n\n\n\n<li>\ud83e\udd1d <strong>C\u00f4t\u00e9 utilisateur<\/strong> : un citoyen, un client, un collaborateur.<\/li>\n<\/ul>\n\n\n\n<p>La donn\u00e9e n\u2019a de valeur que si elle revient \u00e0 ceux qui la vivent, la subissent ou la cr\u00e9ent.<br>Notre r\u00f4le : faire le lien, remettre de la fluidit\u00e9, connecter les mondes.<\/p>\n\n\n\n<hr class=\"wp-block-separator has-alpha-channel-opacity\"\/>\n\n\n\n<h2 class=\"wp-block-heading\"><strong>Pour qui est LeDataLab ?<\/strong><\/h2>\n\n\n\n<p>Tu es au bon endroit si tu te reconnais dans l\u2019un de ces profils :<\/p>\n\n\n\n<ul class=\"wp-block-list\">\n<li>Tu n\u2019y connais rien \u00e0 la data\u2026 mais tu veux comprendre.<\/li>\n\n\n\n<li>Tu es un(e) pro de l\u2019analyse, mais tu cherches une approche plus humaine.<\/li>\n\n\n\n<li>Tu es dans un m\u00e9tier op\u00e9rationnel et tu veux savoir <em>\u00ab\u00a0ce qu\u2019on fait avec tes donn\u00e9es.\u00a0\u00bb<\/em><\/li>\n\n\n\n<li>Tu es curieux(se), critique, ou passionn\u00e9(e)\u2026 et tu veux en savoir plus.<\/li>\n<\/ul>\n\n\n\n<hr class=\"wp-block-separator has-alpha-channel-opacity\"\/>\n\n\n\n<div style=\"height:50px\" aria-hidden=\"true\" class=\"wp-block-spacer\"><\/div>\n\n\n\n<h2 class=\"wp-block-heading has-text-align-center\"><strong>Une aventure collective<\/strong><\/h2>\n\n\n\n<p class=\"has-text-align-center\">Le Data Lab, c\u2019est un projet vivant.<br>Un espace pour tester, partager, parfois se tromper et le souvent apprendre.<br>Un endroit o\u00f9 chacun peut contribuer \u00e0 faire avancer la fus\u00e9e.<\/p>\n\n\n\n<p class=\"has-text-align-center\"><a href=\"https:\/\/www.linkedin.com\/company\/ledatalab\">Abonne-toi<\/a>, <a href=\"https:\/\/ledatalab.fr\/index.php\/contact\/\">pose tes questions, propose des sujets<\/a>.<br>On est l\u00e0 pour cr\u00e9er un espace o\u00f9 la donn\u00e9e redevient un outil au service de l\u2019humain.<\/p>\n\n\n\n<div style=\"height:50px\" aria-hidden=\"true\" class=\"wp-block-spacer\"><\/div>\n","protected":false},"excerpt":{"rendered":"<p>Bienvenue \u00e0 bord du Data Lab Un projet pour rendre la donn\u00e9e plus humaine, plus accessible\u2026 et un peu plus fun aussi. Pourquoi Le Data Lab ? Parce que dans le tumulte de l\u2019innovation, de la tech et de l\u2019intelligence artificielle, une chose semble souvent oubli\u00e9e : l\u2019humain. On parle de donn\u00e9es comme de ressources &#8230; <a title=\"Home\" class=\"read-more\" href=\"https:\/\/ledatalab.fr\/\" aria-label=\"En savoir plus sur Home\">Lire la suite<\/a><\/p>\n","protected":false},"author":2,"featured_media":0,"parent":0,"menu_order":0,"comment_status":"closed","ping_status":"closed","template":"","meta":{"footnotes":""},"class_list":["post-159","page","type-page","status-publish"],"yoast_head":"<!-- This site is optimized with the Yoast SEO plugin v27.3 - https:\/\/yoast.com\/product\/yoast-seo-wordpress\/ -->\n<title>Le Data Lab - Blog Data &amp; Business Intelligence en Fran\u00e7ais<\/title>\n<meta name=\"description\" content=\"Tutoriels SQL, Power BI, Talend, bonnes pratiques ETL &amp; BI. Le Data Lab simplifie la Data pour tous. Explorez nos guides &amp; cas d\u2019usage.\" \/>\n<meta name=\"robots\" content=\"index, follow, max-snippet:-1, max-image-preview:large, max-video-preview:-1\" \/>\n<link rel=\"canonical\" href=\"https:\/\/ledatalab.fr\/\" \/>\n<meta property=\"og:locale\" content=\"fr_FR\" \/>\n<meta property=\"og:type\" content=\"article\" \/>\n<meta property=\"og:title\" content=\"Le Data Lab\" \/>\n<meta property=\"og:description\" content=\"Le blog pour comprendre, explorer et utiliser la Data.\" \/>\n<meta property=\"og:url\" content=\"https:\/\/ledatalab.fr\/\" \/>\n<meta property=\"og:site_name\" content=\"Le Data Lab\" \/>\n<meta property=\"article:modified_time\" content=\"2025-08-08T19:34:44+00:00\" \/>\n<meta property=\"og:image\" content=\"https:\/\/ledatalab.fr\/wp-content\/uploads\/2025\/08\/couleur-vertical-a-droite-superpose.png\" \/>\n\t<meta property=\"og:image:width\" content=\"1000\" \/>\n\t<meta property=\"og:image:height\" content=\"1000\" \/>\n\t<meta property=\"og:image:type\" content=\"image\/png\" \/>\n<meta name=\"twitter:card\" content=\"summary_large_image\" \/>\n<meta name=\"twitter:title\" content=\"Le Data Lab\" \/>\n<meta name=\"twitter:description\" content=\"Le blog pour comprendre, explorer et utiliser la Data.\" \/>\n<meta name=\"twitter:image\" content=\"https:\/\/ledatalab.fr\/wp-content\/uploads\/2025\/08\/couleur-vertical-a-droite-superpose.png\" \/>\n<meta name=\"twitter:site\" content=\"@ledatalab\" \/>\n<meta name=\"twitter:label1\" content=\"Dur\u00e9e de lecture estim\u00e9e\" \/>\n\t<meta name=\"twitter:data1\" content=\"4 minutes\" \/>\n<script type=\"application\/ld+json\" class=\"yoast-schema-graph\">{\"@context\":\"https:\\\/\\\/schema.org\",\"@graph\":[{\"@type\":\"WebPage\",\"@id\":\"https:\\\/\\\/ledatalab.fr\\\/\",\"url\":\"https:\\\/\\\/ledatalab.fr\\\/\",\"name\":\"Le Data Lab - Blog Data & Business Intelligence en Fran\u00e7ais\",\"isPartOf\":{\"@id\":\"https:\\\/\\\/ledatalab.fr\\\/#website\"},\"primaryImageOfPage\":{\"@id\":\"https:\\\/\\\/ledatalab.fr\\\/#primaryimage\"},\"image\":{\"@id\":\"https:\\\/\\\/ledatalab.fr\\\/#primaryimage\"},\"thumbnailUrl\":\"https:\\\/\\\/ledatalab.fr\\\/wp-content\\\/uploads\\\/2025\\\/08\\\/couleur-vertical-a-droite-superpose.png\",\"datePublished\":\"2025-08-03T20:50:42+00:00\",\"dateModified\":\"2025-08-08T19:34:44+00:00\",\"description\":\"Tutoriels SQL, Power BI, Talend, bonnes pratiques ETL & BI. Le Data Lab simplifie la Data pour tous. Explorez nos guides & cas d\u2019usage.\",\"breadcrumb\":{\"@id\":\"https:\\\/\\\/ledatalab.fr\\\/#breadcrumb\"},\"inLanguage\":\"fr-FR\",\"potentialAction\":[{\"@type\":\"ReadAction\",\"target\":[\"https:\\\/\\\/ledatalab.fr\\\/\"]}]},{\"@type\":\"ImageObject\",\"inLanguage\":\"fr-FR\",\"@id\":\"https:\\\/\\\/ledatalab.fr\\\/#primaryimage\",\"url\":\"https:\\\/\\\/ledatalab.fr\\\/wp-content\\\/uploads\\\/2025\\\/08\\\/couleur-vertical-a-droite-superpose.png\",\"contentUrl\":\"https:\\\/\\\/ledatalab.fr\\\/wp-content\\\/uploads\\\/2025\\\/08\\\/couleur-vertical-a-droite-superpose.png\",\"width\":1000,\"height\":1000,\"caption\":\"Le Data Lab | blog data business intelligence\"},{\"@type\":\"BreadcrumbList\",\"@id\":\"https:\\\/\\\/ledatalab.fr\\\/#breadcrumb\",\"itemListElement\":[{\"@type\":\"ListItem\",\"position\":1,\"name\":\"Accueil\",\"item\":\"https:\\\/\\\/ledatalab.fr\\\/\"},{\"@type\":\"ListItem\",\"position\":2,\"name\":\"Home\"}]},{\"@type\":\"WebSite\",\"@id\":\"https:\\\/\\\/ledatalab.fr\\\/#website\",\"url\":\"https:\\\/\\\/ledatalab.fr\\\/\",\"name\":\"Le Data Lab\",\"description\":\"Le blog pour comprendre, explorer et utiliser la Data.\",\"publisher\":{\"@id\":\"https:\\\/\\\/ledatalab.fr\\\/#organization\"},\"alternateName\":\"ledatalab\",\"potentialAction\":[{\"@type\":\"SearchAction\",\"target\":{\"@type\":\"EntryPoint\",\"urlTemplate\":\"https:\\\/\\\/ledatalab.fr\\\/?s={search_term_string}\"},\"query-input\":{\"@type\":\"PropertyValueSpecification\",\"valueRequired\":true,\"valueName\":\"search_term_string\"}}],\"inLanguage\":\"fr-FR\"},{\"@type\":\"Organization\",\"@id\":\"https:\\\/\\\/ledatalab.fr\\\/#organization\",\"name\":\"Le Data Lab\",\"alternateName\":\"ledatalab\",\"url\":\"https:\\\/\\\/ledatalab.fr\\\/\",\"logo\":{\"@type\":\"ImageObject\",\"inLanguage\":\"fr-FR\",\"@id\":\"https:\\\/\\\/ledatalab.fr\\\/#\\\/schema\\\/logo\\\/image\\\/\",\"url\":\"https:\\\/\\\/ledatalab.fr\\\/wp-content\\\/uploads\\\/2025\\\/08\\\/couleur-vertical-a-droite-superpose.png\",\"contentUrl\":\"https:\\\/\\\/ledatalab.fr\\\/wp-content\\\/uploads\\\/2025\\\/08\\\/couleur-vertical-a-droite-superpose.png\",\"width\":1000,\"height\":1000,\"caption\":\"Le Data Lab\"},\"image\":{\"@id\":\"https:\\\/\\\/ledatalab.fr\\\/#\\\/schema\\\/logo\\\/image\\\/\"},\"sameAs\":[\"https:\\\/\\\/x.com\\\/ledatalab\",\"https:\\\/\\\/www.instagram.com\\\/ledatalab\\\/\",\"https:\\\/\\\/www.linkedin.com\\\/company\\\/ledatalab\"]}]}<\/script>\n<!-- \/ Yoast SEO plugin. -->","yoast_head_json":{"title":"Le Data Lab - Blog Data & Business Intelligence en Fran\u00e7ais","description":"Tutoriels SQL, Power BI, Talend, bonnes pratiques ETL & BI. Le Data Lab simplifie la Data pour tous. Explorez nos guides & cas d\u2019usage.","robots":{"index":"index","follow":"follow","max-snippet":"max-snippet:-1","max-image-preview":"max-image-preview:large","max-video-preview":"max-video-preview:-1"},"canonical":"https:\/\/ledatalab.fr\/","og_locale":"fr_FR","og_type":"article","og_title":"Le Data Lab","og_description":"Le blog pour comprendre, explorer et utiliser la Data.","og_url":"https:\/\/ledatalab.fr\/","og_site_name":"Le Data Lab","article_modified_time":"2025-08-08T19:34:44+00:00","og_image":[{"width":1000,"height":1000,"url":"https:\/\/ledatalab.fr\/wp-content\/uploads\/2025\/08\/couleur-vertical-a-droite-superpose.png","type":"image\/png"}],"twitter_card":"summary_large_image","twitter_title":"Le Data Lab","twitter_description":"Le blog pour comprendre, explorer et utiliser la Data.","twitter_image":"https:\/\/ledatalab.fr\/wp-content\/uploads\/2025\/08\/couleur-vertical-a-droite-superpose.png","twitter_site":"@ledatalab","twitter_misc":{"Dur\u00e9e de lecture estim\u00e9e":"4 minutes"},"schema":{"@context":"https:\/\/schema.org","@graph":[{"@type":"WebPage","@id":"https:\/\/ledatalab.fr\/","url":"https:\/\/ledatalab.fr\/","name":"Le Data Lab - Blog Data & Business Intelligence en Fran\u00e7ais","isPartOf":{"@id":"https:\/\/ledatalab.fr\/#website"},"primaryImageOfPage":{"@id":"https:\/\/ledatalab.fr\/#primaryimage"},"image":{"@id":"https:\/\/ledatalab.fr\/#primaryimage"},"thumbnailUrl":"https:\/\/ledatalab.fr\/wp-content\/uploads\/2025\/08\/couleur-vertical-a-droite-superpose.png","datePublished":"2025-08-03T20:50:42+00:00","dateModified":"2025-08-08T19:34:44+00:00","description":"Tutoriels SQL, Power BI, Talend, bonnes pratiques ETL & BI. Le Data Lab simplifie la Data pour tous. Explorez nos guides & cas d\u2019usage.","breadcrumb":{"@id":"https:\/\/ledatalab.fr\/#breadcrumb"},"inLanguage":"fr-FR","potentialAction":[{"@type":"ReadAction","target":["https:\/\/ledatalab.fr\/"]}]},{"@type":"ImageObject","inLanguage":"fr-FR","@id":"https:\/\/ledatalab.fr\/#primaryimage","url":"https:\/\/ledatalab.fr\/wp-content\/uploads\/2025\/08\/couleur-vertical-a-droite-superpose.png","contentUrl":"https:\/\/ledatalab.fr\/wp-content\/uploads\/2025\/08\/couleur-vertical-a-droite-superpose.png","width":1000,"height":1000,"caption":"Le Data Lab | blog data business intelligence"},{"@type":"BreadcrumbList","@id":"https:\/\/ledatalab.fr\/#breadcrumb","itemListElement":[{"@type":"ListItem","position":1,"name":"Accueil","item":"https:\/\/ledatalab.fr\/"},{"@type":"ListItem","position":2,"name":"Home"}]},{"@type":"WebSite","@id":"https:\/\/ledatalab.fr\/#website","url":"https:\/\/ledatalab.fr\/","name":"Le Data Lab","description":"Le blog pour comprendre, explorer et utiliser la Data.","publisher":{"@id":"https:\/\/ledatalab.fr\/#organization"},"alternateName":"ledatalab","potentialAction":[{"@type":"SearchAction","target":{"@type":"EntryPoint","urlTemplate":"https:\/\/ledatalab.fr\/?s={search_term_string}"},"query-input":{"@type":"PropertyValueSpecification","valueRequired":true,"valueName":"search_term_string"}}],"inLanguage":"fr-FR"},{"@type":"Organization","@id":"https:\/\/ledatalab.fr\/#organization","name":"Le Data Lab","alternateName":"ledatalab","url":"https:\/\/ledatalab.fr\/","logo":{"@type":"ImageObject","inLanguage":"fr-FR","@id":"https:\/\/ledatalab.fr\/#\/schema\/logo\/image\/","url":"https:\/\/ledatalab.fr\/wp-content\/uploads\/2025\/08\/couleur-vertical-a-droite-superpose.png","contentUrl":"https:\/\/ledatalab.fr\/wp-content\/uploads\/2025\/08\/couleur-vertical-a-droite-superpose.png","width":1000,"height":1000,"caption":"Le Data Lab"},"image":{"@id":"https:\/\/ledatalab.fr\/#\/schema\/logo\/image\/"},"sameAs":["https:\/\/x.com\/ledatalab","https:\/\/www.instagram.com\/ledatalab\/","https:\/\/www.linkedin.com\/company\/ledatalab"]}]}},"_links":{"self":[{"href":"https:\/\/ledatalab.fr\/index.php\/wp-json\/wp\/v2\/pages\/159","targetHints":{"allow":["GET"]}}],"collection":[{"href":"https:\/\/ledatalab.fr\/index.php\/wp-json\/wp\/v2\/pages"}],"about":[{"href":"https:\/\/ledatalab.fr\/index.php\/wp-json\/wp\/v2\/types\/page"}],"author":[{"embeddable":true,"href":"https:\/\/ledatalab.fr\/index.php\/wp-json\/wp\/v2\/users\/2"}],"replies":[{"embeddable":true,"href":"https:\/\/ledatalab.fr\/index.php\/wp-json\/wp\/v2\/comments?post=159"}],"version-history":[{"count":10,"href":"https:\/\/ledatalab.fr\/index.php\/wp-json\/wp\/v2\/pages\/159\/revisions"}],"predecessor-version":[{"id":259,"href":"https:\/\/ledatalab.fr\/index.php\/wp-json\/wp\/v2\/pages\/159\/revisions\/259"}],"wp:attachment":[{"href":"https:\/\/ledatalab.fr\/index.php\/wp-json\/wp\/v2\/media?parent=159"}],"curies":[{"name":"wp","href":"https:\/\/api.w.org\/{rel}","templated":true}]}}