{"id":16,"date":"2025-07-30T19:39:24","date_gmt":"2025-07-30T19:39:24","guid":{"rendered":"https:\/\/ledatalab.fr\/?page_id=16"},"modified":"2025-08-04T18:28:46","modified_gmt":"2025-08-04T18:28:46","slug":"contact","status":"publish","type":"page","link":"https:\/\/ledatalab.fr\/index.php\/contact\/","title":{"rendered":"Contact"},"content":{"rendered":"\n<h1 class=\"wp-block-heading has-text-align-left\"><strong>Envoyer une requ\u00eate au Lab<\/strong><\/h1>\n\n\n\n<p><em>Une id\u00e9e \u00e0 partager ? Une question sur la data ? Un projet \u00e0 soumettre ?<br>Remplis le formulaire ci-dessous et notre \u00e9quipe analysera ta requ\u00eate avec toute la rigueur scientifique qu\u2019elle m\u00e9rite \ud83d\udc68\u200d\ud83d\udd2c\ud83d\udc69\u200d\ud83d\udcbb<\/em><\/p>\n\n\n<style id=\"wpforms-css-vars-173-block-7e97f4c5-f3ad-4881-b9e8-6d047674b311\">\n\t\t\t\t#wpforms-173.wpforms-block-7e97f4c5-f3ad-4881-b9e8-6d047674b311 {\n\t\t\t\t--wpforms-label-color: #000000;\n--wpforms-label-sublabel-color: rgba(0, 0, 0, 0.55);\n--wpforms-field-border-radius: 5px;\n--wpforms-field-border-color: #6A4Ce3;\n--wpforms-field-border-color-spare: #6A4Ce3;\n--wpforms-field-text-color: 000000;\n--wpforms-button-background-color: #6A4Ce3;\n--wpforms-field-size-input-height: 43px;\n--wpforms-field-size-input-spacing: 15px;\n--wpforms-field-size-font-size: 16px;\n--wpforms-field-size-line-height: 19px;\n--wpforms-field-size-padding-h: 14px;\n--wpforms-field-size-checkbox-size: 16px;\n--wpforms-field-size-sublabel-spacing: 5px;\n--wpforms-field-size-icon-size: 1;\n--wpforms-label-size-font-size: 18px;\n--wpforms-label-size-line-height: 21px;\n--wpforms-label-size-sublabel-font-size: 16px;\n--wpforms-label-size-sublabel-line-height: 19px;\n--wpforms-button-size-font-size: 17px;\n--wpforms-button-size-height: 41px;\n--wpforms-button-size-padding-h: 15px;\n--wpforms-button-size-margin-top: 10px;\n\t\t\t}\n\t\t\t<\/style><div class=\"wpforms-container wpforms-container-full wpforms-block wpforms-block-7e97f4c5-f3ad-4881-b9e8-6d047674b311 wpforms-render-modern\" id=\"wpforms-173\"><form id=\"wpforms-form-173\" class=\"wpforms-validate wpforms-form wpforms-ajax-form\" data-formid=\"173\" method=\"post\" enctype=\"multipart\/form-data\" action=\"\/index.php\/wp-json\/wp\/v2\/pages\/16\" data-token=\"af4c672361f835c3b4d932b9e4cbf094\" data-token-time=\"1775582701\"><noscript class=\"wpforms-error-noscript\">Veuillez activer JavaScript dans votre navigateur pour remplir ce formulaire.<\/noscript><div id=\"wpforms-error-noscript\" style=\"display: none;\">Veuillez activer JavaScript dans votre navigateur pour remplir ce formulaire.<\/div><div class=\"wpforms-field-container\"><div id=\"wpforms-173-field_1-container\" class=\"wpforms-field wpforms-field-name\" data-field-id=\"1\"><fieldset><legend class=\"wpforms-field-label\">Nom <span class=\"wpforms-required-label\" aria-hidden=\"true\">*<\/span><\/legend><div class=\"wpforms-field-row wpforms-field-medium\"><div class=\"wpforms-field-row-block wpforms-first wpforms-one-half\"><input type=\"text\" id=\"wpforms-173-field_1\" class=\"wpforms-field-name-first wpforms-field-required\" name=\"wpforms[fields][1][first]\" aria-errormessage=\"wpforms-173-field_1-error\" required><label for=\"wpforms-173-field_1\" class=\"wpforms-field-sublabel after\">Pr\u00e9nom<\/label><\/div><div class=\"wpforms-field-row-block wpforms-one-half\"><input type=\"text\" id=\"wpforms-173-field_1-last\" class=\"wpforms-field-name-last wpforms-field-required\" name=\"wpforms[fields][1][last]\" aria-errormessage=\"wpforms-173-field_1-last-error\" required><label for=\"wpforms-173-field_1-last\" class=\"wpforms-field-sublabel after\">Nom<\/label><\/div><\/div><\/fieldset><\/div>\t\t<div id=\"wpforms-173-field_4-container\"\n\t\t\tclass=\"wpforms-field wpforms-field-text\"\n\t\t\tdata-field-type=\"text\"\n\t\t\tdata-field-id=\"4\"\n\t\t\t>\n\t\t\t<label class=\"wpforms-field-label\" for=\"wpforms-173-field_4\" >ou Nom E-mail<\/label>\n\t\t\t<input type=\"text\" id=\"wpforms-173-field_4\" class=\"wpforms-field-medium\" name=\"wpforms[fields][4]\" >\n\t\t<\/div>\n\t\t<div id=\"wpforms-173-field_2-container\" class=\"wpforms-field wpforms-field-email\" data-field-id=\"2\"><label class=\"wpforms-field-label\" for=\"wpforms-173-field_2\">E-mail <span class=\"wpforms-required-label\" aria-hidden=\"true\">*<\/span><\/label><input type=\"email\" id=\"wpforms-173-field_2\" class=\"wpforms-field-medium wpforms-field-required\" name=\"wpforms[fields][2]\" spellcheck=\"false\" aria-errormessage=\"wpforms-173-field_2-error\" required><\/div><div id=\"wpforms-173-field_3-container\" class=\"wpforms-field wpforms-field-textarea\" data-field-id=\"3\"><label class=\"wpforms-field-label\" for=\"wpforms-173-field_3\">Commentaire ou message<\/label><textarea id=\"wpforms-173-field_3\" class=\"wpforms-field-medium\" name=\"wpforms[fields][3]\" aria-errormessage=\"wpforms-173-field_3-error\" ><\/textarea><\/div><script>\n\t\t\t\t( function() {\n\t\t\t\t\tconst style = document.createElement( 'style' );\n\t\t\t\t\tstyle.appendChild( document.createTextNode( '#wpforms-173-field_4-container { position: absolute !important; overflow: hidden !important; display: inline !important; height: 1px !important; width: 1px !important; z-index: -1000 !important; padding: 0 !important; } #wpforms-173-field_4-container input { visibility: hidden; } #wpforms-conversational-form-page #wpforms-173-field_4-container label { counter-increment: none; }' ) );\n\t\t\t\t\tdocument.head.appendChild( style );\n\t\t\t\t\tdocument.currentScript?.remove();\n\t\t\t\t} )();\n\t\t\t<\/script><\/div><!-- .wpforms-field-container --><div class=\"wpforms-recaptcha-container wpforms-is-recaptcha wpforms-is-recaptcha-type-v3\" ><input type=\"hidden\" name=\"wpforms[recaptcha]\" value=\"\"><\/div><div class=\"wpforms-submit-container\" ><input type=\"hidden\" name=\"wpforms[id]\" value=\"173\"><input type=\"hidden\" name=\"page_title\" value=\"\"><input type=\"hidden\" name=\"page_url\" value=\"https:\/\/ledatalab.fr\/index.php\/wp-json\/wp\/v2\/pages\/16\"><input type=\"hidden\" name=\"url_referer\" value=\"\"><button type=\"submit\" name=\"wpforms[submit]\" id=\"wpforms-submit-173\" class=\"wpforms-submit\" data-alt-text=\"Envoi...\" data-submit-text=\"Envoyer\" aria-live=\"assertive\" value=\"wpforms-submit\">Envoyer<\/button><img loading=\"lazy\" decoding=\"async\" src=\"https:\/\/ledatalab.fr\/wp-content\/plugins\/wpforms-lite\/assets\/images\/submit-spin.svg\" class=\"wpforms-submit-spinner\" style=\"display: none;\" width=\"26\" height=\"26\" alt=\"Chargement en cours\"><\/div><\/form><\/div>  <!-- .wpforms-container -->","protected":false},"excerpt":{"rendered":"<p>Envoyer une requ\u00eate au Lab Une id\u00e9e \u00e0 partager ? Une question sur la data ? Un projet \u00e0 soumettre ?Remplis le formulaire ci-dessous et notre \u00e9quipe analysera ta requ\u00eate avec toute la rigueur scientifique qu\u2019elle m\u00e9rite \ud83d\udc68\u200d\ud83d\udd2c\ud83d\udc69\u200d\ud83d\udcbb<\/p>\n","protected":false},"author":1,"featured_media":0,"parent":0,"menu_order":0,"comment_status":"closed","ping_status":"closed","template":"","meta":{"footnotes":""},"class_list":["post-16","page","type-page","status-publish"],"yoast_head":"<!-- This site is optimized with the Yoast SEO plugin v27.3 - https:\/\/yoast.com\/product\/yoast-seo-wordpress\/ -->\n<title>Contact - Le Data Lab<\/title>\n<meta name=\"robots\" content=\"index, follow, max-snippet:-1, max-image-preview:large, max-video-preview:-1\" \/>\n<link rel=\"canonical\" href=\"https:\/\/ledatalab.fr\/index.php\/contact\/\" \/>\n<meta property=\"og:locale\" content=\"fr_FR\" \/>\n<meta property=\"og:type\" content=\"article\" \/>\n<meta property=\"og:title\" content=\"Contact - Le Data Lab\" \/>\n<meta property=\"og:description\" content=\"Envoyer une requ\u00eate au Lab Une id\u00e9e \u00e0 partager ? Une question sur la data ? Un projet \u00e0 soumettre ?Remplis le formulaire ci-dessous et notre \u00e9quipe analysera ta requ\u00eate avec toute la rigueur scientifique qu\u2019elle m\u00e9rite \ud83d\udc68\u200d\ud83d\udd2c\ud83d\udc69\u200d\ud83d\udcbb\" \/>\n<meta property=\"og:url\" content=\"https:\/\/ledatalab.fr\/index.php\/contact\/\" \/>\n<meta property=\"og:site_name\" content=\"Le Data Lab\" \/>\n<meta property=\"article:modified_time\" content=\"2025-08-04T18:28:46+00:00\" \/>\n<meta property=\"og:image\" content=\"https:\/\/ledatalab.fr\/wp-content\/uploads\/2025\/08\/couleur-vertical-a-droite-superpose.png\" \/>\n\t<meta property=\"og:image:width\" content=\"1000\" \/>\n\t<meta property=\"og:image:height\" content=\"1000\" \/>\n\t<meta property=\"og:image:type\" content=\"image\/png\" \/>\n<meta name=\"twitter:card\" content=\"summary_large_image\" \/>\n<meta name=\"twitter:site\" content=\"@ledatalab\" \/>\n<script type=\"application\/ld+json\" class=\"yoast-schema-graph\">{\"@context\":\"https:\\\/\\\/schema.org\",\"@graph\":[{\"@type\":\"WebPage\",\"@id\":\"https:\\\/\\\/ledatalab.fr\\\/index.php\\\/contact\\\/\",\"url\":\"https:\\\/\\\/ledatalab.fr\\\/index.php\\\/contact\\\/\",\"name\":\"Contact - Le Data Lab\",\"isPartOf\":{\"@id\":\"https:\\\/\\\/ledatalab.fr\\\/#website\"},\"datePublished\":\"2025-07-30T19:39:24+00:00\",\"dateModified\":\"2025-08-04T18:28:46+00:00\",\"breadcrumb\":{\"@id\":\"https:\\\/\\\/ledatalab.fr\\\/index.php\\\/contact\\\/#breadcrumb\"},\"inLanguage\":\"fr-FR\",\"potentialAction\":[{\"@type\":\"ReadAction\",\"target\":[\"https:\\\/\\\/ledatalab.fr\\\/index.php\\\/contact\\\/\"]}]},{\"@type\":\"BreadcrumbList\",\"@id\":\"https:\\\/\\\/ledatalab.fr\\\/index.php\\\/contact\\\/#breadcrumb\",\"itemListElement\":[{\"@type\":\"ListItem\",\"position\":1,\"name\":\"Accueil\",\"item\":\"https:\\\/\\\/ledatalab.fr\\\/\"},{\"@type\":\"ListItem\",\"position\":2,\"name\":\"Contact\"}]},{\"@type\":\"WebSite\",\"@id\":\"https:\\\/\\\/ledatalab.fr\\\/#website\",\"url\":\"https:\\\/\\\/ledatalab.fr\\\/\",\"name\":\"Le Data Lab\",\"description\":\"Le blog pour comprendre, explorer et utiliser la Data.\",\"publisher\":{\"@id\":\"https:\\\/\\\/ledatalab.fr\\\/#organization\"},\"alternateName\":\"ledatalab\",\"potentialAction\":[{\"@type\":\"SearchAction\",\"target\":{\"@type\":\"EntryPoint\",\"urlTemplate\":\"https:\\\/\\\/ledatalab.fr\\\/?s={search_term_string}\"},\"query-input\":{\"@type\":\"PropertyValueSpecification\",\"valueRequired\":true,\"valueName\":\"search_term_string\"}}],\"inLanguage\":\"fr-FR\"},{\"@type\":\"Organization\",\"@id\":\"https:\\\/\\\/ledatalab.fr\\\/#organization\",\"name\":\"Le Data Lab\",\"alternateName\":\"ledatalab\",\"url\":\"https:\\\/\\\/ledatalab.fr\\\/\",\"logo\":{\"@type\":\"ImageObject\",\"inLanguage\":\"fr-FR\",\"@id\":\"https:\\\/\\\/ledatalab.fr\\\/#\\\/schema\\\/logo\\\/image\\\/\",\"url\":\"https:\\\/\\\/ledatalab.fr\\\/wp-content\\\/uploads\\\/2025\\\/08\\\/couleur-vertical-a-droite-superpose.png\",\"contentUrl\":\"https:\\\/\\\/ledatalab.fr\\\/wp-content\\\/uploads\\\/2025\\\/08\\\/couleur-vertical-a-droite-superpose.png\",\"width\":1000,\"height\":1000,\"caption\":\"Le Data Lab\"},\"image\":{\"@id\":\"https:\\\/\\\/ledatalab.fr\\\/#\\\/schema\\\/logo\\\/image\\\/\"},\"sameAs\":[\"https:\\\/\\\/x.com\\\/ledatalab\",\"https:\\\/\\\/www.instagram.com\\\/ledatalab\\\/\",\"https:\\\/\\\/www.linkedin.com\\\/company\\\/ledatalab\"]}]}<\/script>\n<!-- \/ Yoast SEO plugin. -->","yoast_head_json":{"title":"Contact - Le Data Lab","robots":{"index":"index","follow":"follow","max-snippet":"max-snippet:-1","max-image-preview":"max-image-preview:large","max-video-preview":"max-video-preview:-1"},"canonical":"https:\/\/ledatalab.fr\/index.php\/contact\/","og_locale":"fr_FR","og_type":"article","og_title":"Contact - Le Data Lab","og_description":"Envoyer une requ\u00eate au Lab Une id\u00e9e \u00e0 partager ? Une question sur la data ? Un projet \u00e0 soumettre ?Remplis le formulaire ci-dessous et notre \u00e9quipe analysera ta requ\u00eate avec toute la rigueur scientifique qu\u2019elle m\u00e9rite \ud83d\udc68\u200d\ud83d\udd2c\ud83d\udc69\u200d\ud83d\udcbb","og_url":"https:\/\/ledatalab.fr\/index.php\/contact\/","og_site_name":"Le Data Lab","article_modified_time":"2025-08-04T18:28:46+00:00","og_image":[{"width":1000,"height":1000,"url":"https:\/\/ledatalab.fr\/wp-content\/uploads\/2025\/08\/couleur-vertical-a-droite-superpose.png","type":"image\/png"}],"twitter_card":"summary_large_image","twitter_site":"@ledatalab","schema":{"@context":"https:\/\/schema.org","@graph":[{"@type":"WebPage","@id":"https:\/\/ledatalab.fr\/index.php\/contact\/","url":"https:\/\/ledatalab.fr\/index.php\/contact\/","name":"Contact - Le Data Lab","isPartOf":{"@id":"https:\/\/ledatalab.fr\/#website"},"datePublished":"2025-07-30T19:39:24+00:00","dateModified":"2025-08-04T18:28:46+00:00","breadcrumb":{"@id":"https:\/\/ledatalab.fr\/index.php\/contact\/#breadcrumb"},"inLanguage":"fr-FR","potentialAction":[{"@type":"ReadAction","target":["https:\/\/ledatalab.fr\/index.php\/contact\/"]}]},{"@type":"BreadcrumbList","@id":"https:\/\/ledatalab.fr\/index.php\/contact\/#breadcrumb","itemListElement":[{"@type":"ListItem","position":1,"name":"Accueil","item":"https:\/\/ledatalab.fr\/"},{"@type":"ListItem","position":2,"name":"Contact"}]},{"@type":"WebSite","@id":"https:\/\/ledatalab.fr\/#website","url":"https:\/\/ledatalab.fr\/","name":"Le Data Lab","description":"Le blog pour comprendre, explorer et utiliser la Data.","publisher":{"@id":"https:\/\/ledatalab.fr\/#organization"},"alternateName":"ledatalab","potentialAction":[{"@type":"SearchAction","target":{"@type":"EntryPoint","urlTemplate":"https:\/\/ledatalab.fr\/?s={search_term_string}"},"query-input":{"@type":"PropertyValueSpecification","valueRequired":true,"valueName":"search_term_string"}}],"inLanguage":"fr-FR"},{"@type":"Organization","@id":"https:\/\/ledatalab.fr\/#organization","name":"Le Data Lab","alternateName":"ledatalab","url":"https:\/\/ledatalab.fr\/","logo":{"@type":"ImageObject","inLanguage":"fr-FR","@id":"https:\/\/ledatalab.fr\/#\/schema\/logo\/image\/","url":"https:\/\/ledatalab.fr\/wp-content\/uploads\/2025\/08\/couleur-vertical-a-droite-superpose.png","contentUrl":"https:\/\/ledatalab.fr\/wp-content\/uploads\/2025\/08\/couleur-vertical-a-droite-superpose.png","width":1000,"height":1000,"caption":"Le Data Lab"},"image":{"@id":"https:\/\/ledatalab.fr\/#\/schema\/logo\/image\/"},"sameAs":["https:\/\/x.com\/ledatalab","https:\/\/www.instagram.com\/ledatalab\/","https:\/\/www.linkedin.com\/company\/ledatalab"]}]}},"_links":{"self":[{"href":"https:\/\/ledatalab.fr\/index.php\/wp-json\/wp\/v2\/pages\/16","targetHints":{"allow":["GET"]}}],"collection":[{"href":"https:\/\/ledatalab.fr\/index.php\/wp-json\/wp\/v2\/pages"}],"about":[{"href":"https:\/\/ledatalab.fr\/index.php\/wp-json\/wp\/v2\/types\/page"}],"author":[{"embeddable":true,"href":"https:\/\/ledatalab.fr\/index.php\/wp-json\/wp\/v2\/users\/1"}],"replies":[{"embeddable":true,"href":"https:\/\/ledatalab.fr\/index.php\/wp-json\/wp\/v2\/comments?post=16"}],"version-history":[{"count":5,"href":"https:\/\/ledatalab.fr\/index.php\/wp-json\/wp\/v2\/pages\/16\/revisions"}],"predecessor-version":[{"id":183,"href":"https:\/\/ledatalab.fr\/index.php\/wp-json\/wp\/v2\/pages\/16\/revisions\/183"}],"wp:attachment":[{"href":"https:\/\/ledatalab.fr\/index.php\/wp-json\/wp\/v2\/media?parent=16"}],"curies":[{"name":"wp","href":"https:\/\/api.w.org\/{rel}","templated":true}]}}