{"id":18,"date":"2025-07-30T19:39:24","date_gmt":"2025-07-30T19:39:24","guid":{"rendered":"https:\/\/ledatalab.fr\/?page_id=18"},"modified":"2025-08-07T21:09:20","modified_gmt":"2025-08-07T21:09:20","slug":"contributeurs","status":"publish","type":"page","link":"https:\/\/ledatalab.fr\/index.php\/contributeurs\/","title":{"rendered":"Contributeurs"},"content":{"rendered":"\n<h1 class=\"wp-block-heading\"><strong>Les contributeurs<\/strong><\/h1>\n\n\n\n<p>Chez Le Data Lab, nous croyons que la connaissance prend de la valeur quand elle est partag\u00e9e. Cette page est d\u00e9di\u00e9e \u00e0 celles et ceux qui contribuent \u00e0 cette mission. Aujourd\u2019hui, l\u2019aventure commence avec un seul moteur\u2026 mais l\u2019\u00e9quipage est pr\u00eat \u00e0 s\u2019agrandir.<\/p>\n\n\n\n<div style=\"height:50px\" aria-hidden=\"true\" class=\"wp-block-spacer\"><\/div>\n\n\n\n<h2 class=\"wp-block-heading has-text-align-center\">\ud83d\udc68\u200d\ud83d\ude80 David Laumont<\/h2>\n\n\n\n<div class=\"wp-block-media-text is-stacked-on-mobile\"><figure class=\"wp-block-media-text__media\"><img loading=\"lazy\" decoding=\"async\" width=\"1024\" height=\"683\" src=\"https:\/\/ledatalab.fr\/wp-content\/uploads\/2025\/08\/20230404-David-LAUMONT-007-1024x683.jpg\" alt=\"Portait David L.\" class=\"wp-image-145 size-full\" srcset=\"https:\/\/ledatalab.fr\/wp-content\/uploads\/2025\/08\/20230404-David-LAUMONT-007-1024x683.jpg 1024w, https:\/\/ledatalab.fr\/wp-content\/uploads\/2025\/08\/20230404-David-LAUMONT-007-300x200.jpg 300w, https:\/\/ledatalab.fr\/wp-content\/uploads\/2025\/08\/20230404-David-LAUMONT-007-768x512.jpg 768w, https:\/\/ledatalab.fr\/wp-content\/uploads\/2025\/08\/20230404-David-LAUMONT-007-1536x1024.jpg 1536w, https:\/\/ledatalab.fr\/wp-content\/uploads\/2025\/08\/20230404-David-LAUMONT-007-2048x1366.jpg 2048w\" sizes=\"auto, (max-width: 1024px) 100vw, 1024px\" \/><\/figure><div class=\"wp-block-media-text__content\">\n<p class=\"has-text-align-left\">Fondateur de Le Data Lab, Analyste &amp; Data Engineer de m\u00e9tier, passionn\u00e9 de transmission, d\u2019outils no-code\/low-code, et d\u2019intelligence collective. \u00c0 travers ce blog, il partage ses apprentissages et ses exp\u00e9riences pour d\u00e9mocratiser l\u2019univers de la data.<\/p>\n\n\n\n<p class=\"has-text-align-left\">\ud83d\udd17 <a href=\"https:\/\/www.linkedin.com\/in\/david-laumont\/\" target=\"_blank\" rel=\"noreferrer noopener\">LinkedIn<\/a><\/p>\n<\/div><\/div>\n\n\n\n<div style=\"height:25px\" aria-hidden=\"true\" class=\"wp-block-spacer\"><\/div>\n\n\n\n<h2 class=\"wp-block-heading has-text-align-center\">Peut-\u00eatre toi ?<\/h2>\n\n\n\n<div class=\"wp-block-media-text has-media-on-the-right is-stacked-on-mobile\"><div class=\"wp-block-media-text__content\">\n<p class=\"has-text-align-left\">Un si\u00e8ge est libre pour un futur explorateur de la data\u2026<\/p>\n<\/div><figure class=\"wp-block-media-text__media\"><img loading=\"lazy\" decoding=\"async\" width=\"1024\" height=\"609\" src=\"https:\/\/ledatalab.fr\/wp-content\/uploads\/2025\/08\/astronaut-7269328_1280-1024x609.png\" alt=\"futurs contributeurs\" class=\"wp-image-157 size-full\" srcset=\"https:\/\/ledatalab.fr\/wp-content\/uploads\/2025\/08\/astronaut-7269328_1280-1024x609.png 1024w, https:\/\/ledatalab.fr\/wp-content\/uploads\/2025\/08\/astronaut-7269328_1280-300x178.png 300w, https:\/\/ledatalab.fr\/wp-content\/uploads\/2025\/08\/astronaut-7269328_1280-768x457.png 768w, https:\/\/ledatalab.fr\/wp-content\/uploads\/2025\/08\/astronaut-7269328_1280.png 1280w\" sizes=\"auto, (max-width: 1024px) 100vw, 1024px\" \/><\/figure><\/div>\n\n\n\n<div style=\"height:50px\" aria-hidden=\"true\" class=\"wp-block-spacer\"><\/div>\n\n\n\n<blockquote class=\"wp-block-quote is-layout-flow wp-block-quote-is-layout-flow\">\n<p>Tu partages la m\u00eame envie de rendre la data plus accessible ? Tu veux publier un article ou participer \u00e0 un projet ? <a href=\"https:\/\/ledatalab.fr\/index.php\/contact\/\" data-type=\"page\" data-id=\"16\">Contacte-moi<\/a> !<\/p>\n<\/blockquote>\n","protected":false},"excerpt":{"rendered":"<p>Les contributeurs Chez Le Data Lab, nous croyons que la connaissance prend de la valeur quand elle est partag\u00e9e. Cette page est d\u00e9di\u00e9e \u00e0 celles et ceux qui contribuent \u00e0 cette mission. Aujourd\u2019hui, l\u2019aventure commence avec un seul moteur\u2026 mais l\u2019\u00e9quipage est pr\u00eat \u00e0 s\u2019agrandir. \ud83d\udc68\u200d\ud83d\ude80 David Laumont Fondateur de Le Data Lab, Analyste &amp; &#8230; <a title=\"Contributeurs\" class=\"read-more\" href=\"https:\/\/ledatalab.fr\/index.php\/contributeurs\/\" aria-label=\"En savoir plus sur Contributeurs\">Lire la suite<\/a><\/p>\n","protected":false},"author":2,"featured_media":0,"parent":0,"menu_order":0,"comment_status":"closed","ping_status":"closed","template":"","meta":{"footnotes":""},"class_list":["post-18","page","type-page","status-publish"],"yoast_head":"<!-- This site is optimized with the Yoast SEO plugin v27.3 - https:\/\/yoast.com\/product\/yoast-seo-wordpress\/ -->\n<title>Contributeurs - Le Data Lab<\/title>\n<meta name=\"robots\" content=\"index, follow, max-snippet:-1, max-image-preview:large, max-video-preview:-1\" \/>\n<link rel=\"canonical\" href=\"https:\/\/ledatalab.fr\/index.php\/contributeurs\/\" \/>\n<meta property=\"og:locale\" content=\"fr_FR\" \/>\n<meta property=\"og:type\" content=\"article\" \/>\n<meta property=\"og:title\" content=\"Contributeurs - Le Data Lab\" \/>\n<meta property=\"og:description\" content=\"Les contributeurs Chez Le Data Lab, nous croyons que la connaissance prend de la valeur quand elle est partag\u00e9e. Cette page est d\u00e9di\u00e9e \u00e0 celles et ceux qui contribuent \u00e0 cette mission. Aujourd\u2019hui, l\u2019aventure commence avec un seul moteur\u2026 mais l\u2019\u00e9quipage est pr\u00eat \u00e0 s\u2019agrandir. \ud83d\udc68\u200d\ud83d\ude80 David Laumont Fondateur de Le Data Lab, Analyste &amp; ... Lire la suite\" \/>\n<meta property=\"og:url\" content=\"https:\/\/ledatalab.fr\/index.php\/contributeurs\/\" \/>\n<meta property=\"og:site_name\" content=\"Le Data Lab\" \/>\n<meta property=\"article:modified_time\" content=\"2025-08-07T21:09:20+00:00\" \/>\n<meta property=\"og:image\" content=\"https:\/\/ledatalab.fr\/wp-content\/uploads\/2025\/08\/20230404-David-LAUMONT-007-1024x683.jpg\" \/>\n\t<meta property=\"og:image:width\" content=\"1024\" \/>\n\t<meta property=\"og:image:height\" content=\"683\" \/>\n\t<meta property=\"og:image:type\" content=\"image\/jpeg\" \/>\n<meta name=\"twitter:card\" content=\"summary_large_image\" \/>\n<meta name=\"twitter:site\" content=\"@ledatalab\" \/>\n<meta name=\"twitter:label1\" content=\"Dur\u00e9e de lecture estim\u00e9e\" \/>\n\t<meta name=\"twitter:data1\" content=\"1 minute\" \/>\n<script type=\"application\/ld+json\" class=\"yoast-schema-graph\">{\"@context\":\"https:\\\/\\\/schema.org\",\"@graph\":[{\"@type\":\"WebPage\",\"@id\":\"https:\\\/\\\/ledatalab.fr\\\/index.php\\\/contributeurs\\\/\",\"url\":\"https:\\\/\\\/ledatalab.fr\\\/index.php\\\/contributeurs\\\/\",\"name\":\"Contributeurs - Le Data Lab\",\"isPartOf\":{\"@id\":\"https:\\\/\\\/ledatalab.fr\\\/#website\"},\"primaryImageOfPage\":{\"@id\":\"https:\\\/\\\/ledatalab.fr\\\/index.php\\\/contributeurs\\\/#primaryimage\"},\"image\":{\"@id\":\"https:\\\/\\\/ledatalab.fr\\\/index.php\\\/contributeurs\\\/#primaryimage\"},\"thumbnailUrl\":\"https:\\\/\\\/ledatalab.fr\\\/wp-content\\\/uploads\\\/2025\\\/08\\\/20230404-David-LAUMONT-007-1024x683.jpg\",\"datePublished\":\"2025-07-30T19:39:24+00:00\",\"dateModified\":\"2025-08-07T21:09:20+00:00\",\"breadcrumb\":{\"@id\":\"https:\\\/\\\/ledatalab.fr\\\/index.php\\\/contributeurs\\\/#breadcrumb\"},\"inLanguage\":\"fr-FR\",\"potentialAction\":[{\"@type\":\"ReadAction\",\"target\":[\"https:\\\/\\\/ledatalab.fr\\\/index.php\\\/contributeurs\\\/\"]}]},{\"@type\":\"ImageObject\",\"inLanguage\":\"fr-FR\",\"@id\":\"https:\\\/\\\/ledatalab.fr\\\/index.php\\\/contributeurs\\\/#primaryimage\",\"url\":\"https:\\\/\\\/ledatalab.fr\\\/wp-content\\\/uploads\\\/2025\\\/08\\\/20230404-David-LAUMONT-007.jpg\",\"contentUrl\":\"https:\\\/\\\/ledatalab.fr\\\/wp-content\\\/uploads\\\/2025\\\/08\\\/20230404-David-LAUMONT-007.jpg\",\"width\":2500,\"height\":1667,\"caption\":\"Photo portait David L.\"},{\"@type\":\"BreadcrumbList\",\"@id\":\"https:\\\/\\\/ledatalab.fr\\\/index.php\\\/contributeurs\\\/#breadcrumb\",\"itemListElement\":[{\"@type\":\"ListItem\",\"position\":1,\"name\":\"Accueil\",\"item\":\"https:\\\/\\\/ledatalab.fr\\\/\"},{\"@type\":\"ListItem\",\"position\":2,\"name\":\"Contributeurs\"}]},{\"@type\":\"WebSite\",\"@id\":\"https:\\\/\\\/ledatalab.fr\\\/#website\",\"url\":\"https:\\\/\\\/ledatalab.fr\\\/\",\"name\":\"Le Data Lab\",\"description\":\"Le blog pour comprendre, explorer et utiliser la Data.\",\"publisher\":{\"@id\":\"https:\\\/\\\/ledatalab.fr\\\/#organization\"},\"alternateName\":\"ledatalab\",\"potentialAction\":[{\"@type\":\"SearchAction\",\"target\":{\"@type\":\"EntryPoint\",\"urlTemplate\":\"https:\\\/\\\/ledatalab.fr\\\/?s={search_term_string}\"},\"query-input\":{\"@type\":\"PropertyValueSpecification\",\"valueRequired\":true,\"valueName\":\"search_term_string\"}}],\"inLanguage\":\"fr-FR\"},{\"@type\":\"Organization\",\"@id\":\"https:\\\/\\\/ledatalab.fr\\\/#organization\",\"name\":\"Le Data Lab\",\"alternateName\":\"ledatalab\",\"url\":\"https:\\\/\\\/ledatalab.fr\\\/\",\"logo\":{\"@type\":\"ImageObject\",\"inLanguage\":\"fr-FR\",\"@id\":\"https:\\\/\\\/ledatalab.fr\\\/#\\\/schema\\\/logo\\\/image\\\/\",\"url\":\"https:\\\/\\\/ledatalab.fr\\\/wp-content\\\/uploads\\\/2025\\\/08\\\/couleur-vertical-a-droite-superpose.png\",\"contentUrl\":\"https:\\\/\\\/ledatalab.fr\\\/wp-content\\\/uploads\\\/2025\\\/08\\\/couleur-vertical-a-droite-superpose.png\",\"width\":1000,\"height\":1000,\"caption\":\"Le Data Lab\"},\"image\":{\"@id\":\"https:\\\/\\\/ledatalab.fr\\\/#\\\/schema\\\/logo\\\/image\\\/\"},\"sameAs\":[\"https:\\\/\\\/x.com\\\/ledatalab\",\"https:\\\/\\\/www.instagram.com\\\/ledatalab\\\/\",\"https:\\\/\\\/www.linkedin.com\\\/company\\\/ledatalab\"]}]}<\/script>\n<!-- \/ Yoast SEO plugin. -->","yoast_head_json":{"title":"Contributeurs - Le Data Lab","robots":{"index":"index","follow":"follow","max-snippet":"max-snippet:-1","max-image-preview":"max-image-preview:large","max-video-preview":"max-video-preview:-1"},"canonical":"https:\/\/ledatalab.fr\/index.php\/contributeurs\/","og_locale":"fr_FR","og_type":"article","og_title":"Contributeurs - Le Data Lab","og_description":"Les contributeurs Chez Le Data Lab, nous croyons que la connaissance prend de la valeur quand elle est partag\u00e9e. Cette page est d\u00e9di\u00e9e \u00e0 celles et ceux qui contribuent \u00e0 cette mission. Aujourd\u2019hui, l\u2019aventure commence avec un seul moteur\u2026 mais l\u2019\u00e9quipage est pr\u00eat \u00e0 s\u2019agrandir. \ud83d\udc68\u200d\ud83d\ude80 David Laumont Fondateur de Le Data Lab, Analyste &amp; ... Lire la suite","og_url":"https:\/\/ledatalab.fr\/index.php\/contributeurs\/","og_site_name":"Le Data Lab","article_modified_time":"2025-08-07T21:09:20+00:00","og_image":[{"width":1024,"height":683,"url":"https:\/\/ledatalab.fr\/wp-content\/uploads\/2025\/08\/20230404-David-LAUMONT-007-1024x683.jpg","type":"image\/jpeg"}],"twitter_card":"summary_large_image","twitter_site":"@ledatalab","twitter_misc":{"Dur\u00e9e de lecture estim\u00e9e":"1 minute"},"schema":{"@context":"https:\/\/schema.org","@graph":[{"@type":"WebPage","@id":"https:\/\/ledatalab.fr\/index.php\/contributeurs\/","url":"https:\/\/ledatalab.fr\/index.php\/contributeurs\/","name":"Contributeurs - Le Data Lab","isPartOf":{"@id":"https:\/\/ledatalab.fr\/#website"},"primaryImageOfPage":{"@id":"https:\/\/ledatalab.fr\/index.php\/contributeurs\/#primaryimage"},"image":{"@id":"https:\/\/ledatalab.fr\/index.php\/contributeurs\/#primaryimage"},"thumbnailUrl":"https:\/\/ledatalab.fr\/wp-content\/uploads\/2025\/08\/20230404-David-LAUMONT-007-1024x683.jpg","datePublished":"2025-07-30T19:39:24+00:00","dateModified":"2025-08-07T21:09:20+00:00","breadcrumb":{"@id":"https:\/\/ledatalab.fr\/index.php\/contributeurs\/#breadcrumb"},"inLanguage":"fr-FR","potentialAction":[{"@type":"ReadAction","target":["https:\/\/ledatalab.fr\/index.php\/contributeurs\/"]}]},{"@type":"ImageObject","inLanguage":"fr-FR","@id":"https:\/\/ledatalab.fr\/index.php\/contributeurs\/#primaryimage","url":"https:\/\/ledatalab.fr\/wp-content\/uploads\/2025\/08\/20230404-David-LAUMONT-007.jpg","contentUrl":"https:\/\/ledatalab.fr\/wp-content\/uploads\/2025\/08\/20230404-David-LAUMONT-007.jpg","width":2500,"height":1667,"caption":"Photo portait David L."},{"@type":"BreadcrumbList","@id":"https:\/\/ledatalab.fr\/index.php\/contributeurs\/#breadcrumb","itemListElement":[{"@type":"ListItem","position":1,"name":"Accueil","item":"https:\/\/ledatalab.fr\/"},{"@type":"ListItem","position":2,"name":"Contributeurs"}]},{"@type":"WebSite","@id":"https:\/\/ledatalab.fr\/#website","url":"https:\/\/ledatalab.fr\/","name":"Le Data Lab","description":"Le blog pour comprendre, explorer et utiliser la Data.","publisher":{"@id":"https:\/\/ledatalab.fr\/#organization"},"alternateName":"ledatalab","potentialAction":[{"@type":"SearchAction","target":{"@type":"EntryPoint","urlTemplate":"https:\/\/ledatalab.fr\/?s={search_term_string}"},"query-input":{"@type":"PropertyValueSpecification","valueRequired":true,"valueName":"search_term_string"}}],"inLanguage":"fr-FR"},{"@type":"Organization","@id":"https:\/\/ledatalab.fr\/#organization","name":"Le Data Lab","alternateName":"ledatalab","url":"https:\/\/ledatalab.fr\/","logo":{"@type":"ImageObject","inLanguage":"fr-FR","@id":"https:\/\/ledatalab.fr\/#\/schema\/logo\/image\/","url":"https:\/\/ledatalab.fr\/wp-content\/uploads\/2025\/08\/couleur-vertical-a-droite-superpose.png","contentUrl":"https:\/\/ledatalab.fr\/wp-content\/uploads\/2025\/08\/couleur-vertical-a-droite-superpose.png","width":1000,"height":1000,"caption":"Le Data Lab"},"image":{"@id":"https:\/\/ledatalab.fr\/#\/schema\/logo\/image\/"},"sameAs":["https:\/\/x.com\/ledatalab","https:\/\/www.instagram.com\/ledatalab\/","https:\/\/www.linkedin.com\/company\/ledatalab"]}]}},"_links":{"self":[{"href":"https:\/\/ledatalab.fr\/index.php\/wp-json\/wp\/v2\/pages\/18","targetHints":{"allow":["GET"]}}],"collection":[{"href":"https:\/\/ledatalab.fr\/index.php\/wp-json\/wp\/v2\/pages"}],"about":[{"href":"https:\/\/ledatalab.fr\/index.php\/wp-json\/wp\/v2\/types\/page"}],"author":[{"embeddable":true,"href":"https:\/\/ledatalab.fr\/index.php\/wp-json\/wp\/v2\/users\/2"}],"replies":[{"embeddable":true,"href":"https:\/\/ledatalab.fr\/index.php\/wp-json\/wp\/v2\/comments?post=18"}],"version-history":[{"count":12,"href":"https:\/\/ledatalab.fr\/index.php\/wp-json\/wp\/v2\/pages\/18\/revisions"}],"predecessor-version":[{"id":254,"href":"https:\/\/ledatalab.fr\/index.php\/wp-json\/wp\/v2\/pages\/18\/revisions\/254"}],"wp:attachment":[{"href":"https:\/\/ledatalab.fr\/index.php\/wp-json\/wp\/v2\/media?parent=18"}],"curies":[{"name":"wp","href":"https:\/\/api.w.org\/{rel}","templated":true}]}}